{"id":23,"date":"2015-09-30T00:37:56","date_gmt":"2015-09-30T00:37:56","guid":{"rendered":"http:\/\/katedor.com\/?page_id=23"},"modified":"2023-10-09T21:09:05","modified_gmt":"2023-10-09T21:09:05","slug":"sessoes","status":"publish","type":"page","link":"http:\/\/katedor.com\/index.php\/sessoes\/","title":{"rendered":"Sess\u00f5es"},"content":{"rendered":"\n<p><span style=\"color: #4e4e4e;\"><span style=\"font-family: Myriad Pro,Trebuchet MS,Helvetica,Arial,sans-serif;\"><span style=\"font-size: medium;\">Entregue-se a mim em uma sess\u00e3o intensa, realizando suas fantasias de maneira segura e discreta. Minha experi\u00eancia torna minhas sess\u00f5es excelentes tanto para iniciantes, que ainda precisam explorar e descobrir seus limites e prefer\u00eancias dentro do BDSM, como para pessoas experientes e com viv\u00eancia de BDSM, que desejam uma sess\u00e3o que os levem ao extremo. Prefiro submissos masoquistas, mas respeito os limites daqueles com pouca toler\u00e2ncia \u00e0 dor. As pr\u00e1ticas a serem realizadas ser\u00e3o combinadas antes, e faremos toda a sess\u00e3o guiada pelo s\u00e3o, seguro e consensual. Seus limites ser\u00e3o respeitados, e lembro que obedi\u00eancia e respeito s\u00e3o essenciais, e n\u00e3o tolerarei escravos que n\u00e3o sigam minhas ordens.<\/span><\/span><\/span><\/p>\n\n\n\n<h2 class=\"wp-block-heading western\"><span style=\"color: #b9e41e;\"><span style=\"font-family: Myriad Pro,Trebuchet MS,Helvetica,Arial,sans-serif;\"><span style=\"font-size: x-large;\">Tributos:<\/span><\/span><\/span><\/h2>\n\n\n\n<p><span style=\"color: #4e4e4e;\"><span style=\"font-family: Myriad Pro,Trebuchet MS,Helvetica,Arial,sans-serif;\"><span style=\"font-size: medium;\">O tributo da sess\u00e3o dever\u00e1 ser pago em dinheiro, imediatamente antes do in\u00edcio da mesma.<\/span><\/span><\/span><\/p>\n\n\n\n<p><span style=\"color: #4e4e4e;\"><span style=\"font-family: Myriad Pro,Trebuchet MS,Helvetica,Arial,sans-serif;\"><span style=\"font-size: medium;\">ATEN\u00c7\u00c3O: Para candidatos a sess\u00f5es , exijo uma conversa telef\u00f3nica antes de marcar a primeira sess\u00e3o, para avalia\u00e7\u00e3o do submisso e discutirmos desejos, fantasias, limites de ambos e dura\u00e7\u00e3o da sess\u00e3o. valor do tributo:  30 minutos 40\u20ac, 1 hora 60\u20ac&nbsp;<\/span><\/span><\/span><\/p>\n\n\n\n<h2 class=\"wp-block-heading western\"><span style=\"color: #b9e41e;\"><span style=\"font-family: Myriad Pro,Trebuchet MS,Helvetica,Arial,sans-serif;\"><span style=\"font-size: x-large;\">Minhas pr\u00e1ticas preferidas:<\/span><\/span><\/span><\/h2>\n\n\n\n<ul>\n<li><span style=\"color: #4e4e4e;\"><span style=\"font-family: Myriad Pro,Trebuchet MS,Helvetica,Arial,sans-serif;\"><span style=\"font-size: small;\">Podolatria <\/span><\/span><\/span><\/li>\n\n\n\n<li class=\"has-small-font-size\">Spanking (chicotes, cintos, sand\u00e1lias, tapas e qualquer outro objeto<span style=\"color: #4e4e4e;\"><span style=\"font-family: Myriad Pro,Trebuchet MS,Helvetica,Arial,sans-serif;\"><span style=\"font-size: small;\"> que possa servir para bater)<\/span><\/span><\/span><\/li>\n\n\n\n<li><span style=\"color: #4e4e4e;\"><span style=\"font-family: Myriad Pro,Trebuchet MS,Helvetica,Arial,sans-serif;\"><span style=\"font-size: small;\">Bondage<\/span><\/span><\/span><\/li>\n\n\n\n<li><span style=\"color: #4e4e4e;\"><span style=\"font-family: Myriad Pro,Trebuchet MS,Helvetica,Arial,sans-serif;\"><span style=\"font-size: small;\">Invers\u00e3o, Strap-on e Fisting<\/span><\/span><\/span><\/li>\n\n\n\n<li><span style=\"color: #4e4e4e;\"><span style=\"font-family: Myriad Pro,Trebuchet MS,Helvetica,Arial,sans-serif;\"><span style=\"font-size: small;\">Humilha\u00e7\u00e3o<\/span><\/span><\/span>\n<ul>\n<li><span style=\"color: #4e4e4e;\"><span style=\"font-family: Myriad Pro,Trebuchet MS,Helvetica,Arial,sans-serif;\"><span style=\"font-size: small;\">Obedi\u00eancia e disciplina<\/span><\/span><\/span><\/li>\n<li><span style=\"color: #4e4e4e;\"><span style=\"font-family: Myriad Pro,Trebuchet MS,Helvetica,Arial,sans-serif;\"><span style=\"font-size: small;\">Feminiza\u00e7\u00e3o \/ Crossdressing<\/span><\/span><\/span><\/li>\n<li><span style=\"color: #4e4e4e;\"><span style=\"font-family: Myriad Pro,Trebuchet MS,Helvetica,Arial,sans-serif;\"><span style=\"font-size: small;\">Facesiting<\/span><\/span><\/span><\/li>\n<li><span style=\"color: #4e4e4e;\"><span style=\"font-family: Myriad Pro,Trebuchet MS,Helvetica,Arial,sans-serif;\"><span style=\"font-size: small;\">Nipple torture<\/span><\/span><\/span><\/li>\n<li><span style=\"color: #4e4e4e;\"><span style=\"font-family: Myriad Pro,Trebuchet MS,Helvetica,Arial,sans-serif;\"><span style=\"font-size: small;\">Chuva dourada<\/span><\/span><\/span><\/li>\n<li><span style=\"color: #4e4e4e;\"><span style=\"font-family: Myriad Pro,Trebuchet MS,Helvetica,Arial,sans-serif;\"><span style=\"font-size: small;\">Chuva prateada<\/span><\/span><\/span><\/li>\n<li><span style=\"color: #4e4e4e;\"><span style=\"font-family: Myriad Pro,Trebuchet MS,Helvetica,Arial,sans-serif;\"><span style=\"font-size: small;\">Nega\u00e7\u00e3o de orgasmo<\/span><\/span><\/span><\/li>\n<li><span style=\"color: #4e4e4e;\"><span style=\"font-family: Myriad Pro,Trebuchet MS,Helvetica,Arial,sans-serif;\"><span style=\"font-size: small;\">Waxing (tortura com pingos de vela)<\/span><\/span><\/span><\/li>\n<\/ul>\n<h2 class=\"western\"><span style=\"color: #b9e41e;\"><span style=\"font-family: Myriad Pro,Trebuchet MS,Helvetica,Arial,sans-serif;\"><span style=\"font-size: x-large;\">Pr\u00e1ticas que n\u00e3o aceito:<\/span><\/span><\/span><\/h2>\n<ul>\n<li><span style=\"color: #4e4e4e;\"><span style=\"font-family: Myriad Pro,Trebuchet MS,Helvetica,Arial,sans-serif;\"><span style=\"font-size: small;\">Scat&nbsp;<\/span><\/span><\/span><\/li>\n<li><span style=\"color: #4e4e4e;\"><span style=\"font-family: Myriad Pro,Trebuchet MS,Helvetica,Arial,sans-serif;\"><span style=\"font-size: small;\">Breath play<\/span><\/span><\/span><\/li>\n<li><span style=\"color: #4e4e4e;\"><span style=\"font-family: Myriad Pro,Trebuchet MS,Helvetica,Arial,sans-serif;\"><span style=\"font-size: small;\">Agulhas<\/span><\/span><\/span><\/li>\n<li><span style=\"color: #4e4e4e;\"><span style=\"font-family: Myriad Pro,Trebuchet MS,Helvetica,Arial,sans-serif;\"><span style=\"font-size: small;\">Qualquer pr\u00e1tica envolvendo Servid\u00e3o dom\u00e9stica menores ou animais<\/span><\/span><\/span><\/li>\n<\/ul>\n<h2 class=\"western\"><span style=\"color: #b9e41e;\"><span style=\"font-family: Myriad Pro,Trebuchet MS,Helvetica,Arial,sans-serif;\"><span style=\"font-size: x-large;\">Outras pr\u00e1ticas:<\/span><\/span><\/span><\/h2>\n<p><span style=\"color: #4e4e4e;\"><span style=\"font-family: Myriad Pro,Trebuchet MS,Helvetica,Arial,sans-serif;\"><span style=\"font-size: medium;\">Pr\u00e1ticas que n\u00e3o est\u00e3o em nenhuma das duas listas acima podem ser discutidas, e posso aceitar ou n\u00e3o faz\u00ea-las.<\/span><\/span><\/span><\/p>\n<h2 class=\"western\"><span style=\"color: #b9e41e;\"><span style=\"font-family: Myriad Pro,Trebuchet MS,Helvetica,Arial,sans-serif;\"><span style=\"font-size: x-large;\">Como marcar?<\/span><\/span><\/span><\/h2>\n<p><span style=\"color: #4e4e4e;\"><span style=\"font-family: Myriad Pro,Trebuchet MS,Helvetica,Arial,sans-serif;\"><span style=\"font-size: medium;\">Se voc\u00ea j\u00e1 fez sess\u00f5es comigo anteriormente, basta entrar em contacto por email ou telefone. Se esta ser\u00e1 sua primeira sess\u00e3o comigo, aceda a <\/span><\/span><\/span><span style=\"color: #0071bb;\"><span style=\"font-family: Myriad Pro,Trebuchet MS,Helvetica,Arial,sans-serif;\"><span style=\"font-size: medium;\"><a href=\"http:\/\/katedor.com\/index.php\/contactos\/\">p\u00e1gina de contactos<\/a><\/span><\/span><\/span><span style=\"color: #4e4e4e;\"><span style=\"font-family: Myriad Pro,Trebuchet MS,Helvetica,Arial,sans-serif;\"><span style=\"font-size: medium;\">&nbsp;e veja como fazer para marcar sua sess\u00e3o.<\/span><\/span><\/span><\/p>\n<p><span style=\"color: #4e4e4e;\"><span style=\"font-family: Myriad Pro,Trebuchet MS,Helvetica,Arial,sans-serif;\"><span style=\"font-size: small;\">&nbsp;<\/span><\/span><\/span><\/p>\n<\/li>\n<\/ul>\n","protected":false},"excerpt":{"rendered":"<p>Entregue-se a mim em uma sess\u00e3o intensa, realizando suas fantasias de maneira segura e discreta. Minha experi\u00eancia torna minhas sess\u00f5es excelentes tanto para iniciantes, que ainda precisam explorar e descobrir seus limites e prefer\u00eancias dentro do BDSM, como para pessoas experientes e com viv\u00eancia de BDSM, que desejam uma sess\u00e3o que os levem ao extremo. &hellip; <a href=\"http:\/\/katedor.com\/index.php\/sessoes\/\" class=\"more-link\">Continuar a ler <span class=\"screen-reader-text\">Sess\u00f5es<\/span> <span class=\"meta-nav\">&rarr;<\/span><\/a><\/p>\n","protected":false},"author":1,"featured_media":0,"parent":0,"menu_order":0,"comment_status":"closed","ping_status":"closed","template":"","meta":{"footnotes":""},"yoast_head":"<!-- This site is optimized with the Yoast SEO plugin v21.3 - https:\/\/yoast.com\/wordpress\/plugins\/seo\/ -->\n<title>Sess\u00f5es - Mistress Katedor<\/title>\n<meta name=\"robots\" content=\"index, follow, max-snippet:-1, max-image-preview:large, max-video-preview:-1\" \/>\n<link rel=\"canonical\" href=\"http:\/\/katedor.com\/index.php\/sessoes\/\" \/>\n<meta property=\"og:locale\" content=\"pt_PT\" \/>\n<meta property=\"og:type\" content=\"article\" \/>\n<meta property=\"og:title\" content=\"Sess\u00f5es - Mistress Katedor\" \/>\n<meta property=\"og:description\" content=\"Entregue-se a mim em uma sess\u00e3o intensa, realizando suas fantasias de maneira segura e discreta. Minha experi\u00eancia torna minhas sess\u00f5es excelentes tanto para iniciantes, que ainda precisam explorar e descobrir seus limites e prefer\u00eancias dentro do BDSM, como para pessoas experientes e com viv\u00eancia de BDSM, que desejam uma sess\u00e3o que os levem ao extremo. &hellip; Continuar a ler Sess\u00f5es &rarr;\" \/>\n<meta property=\"og:url\" content=\"http:\/\/katedor.com\/index.php\/sessoes\/\" \/>\n<meta property=\"og:site_name\" content=\"Mistress Katedor\" \/>\n<meta property=\"article:modified_time\" content=\"2023-10-09T21:09:05+00:00\" \/>\n<meta name=\"twitter:card\" content=\"summary_large_image\" \/>\n<meta name=\"twitter:label1\" content=\"Tempo estimado de leitura\" \/>\n\t<meta name=\"twitter:data1\" content=\"2 minutos\" \/>\n<script type=\"application\/ld+json\" class=\"yoast-schema-graph\">{\"@context\":\"https:\/\/schema.org\",\"@graph\":[{\"@type\":\"WebPage\",\"@id\":\"http:\/\/katedor.com\/index.php\/sessoes\/\",\"url\":\"http:\/\/katedor.com\/index.php\/sessoes\/\",\"name\":\"Sess\u00f5es - Mistress Katedor\",\"isPartOf\":{\"@id\":\"http:\/\/katedor.com\/#website\"},\"datePublished\":\"2015-09-30T00:37:56+00:00\",\"dateModified\":\"2023-10-09T21:09:05+00:00\",\"breadcrumb\":{\"@id\":\"http:\/\/katedor.com\/index.php\/sessoes\/#breadcrumb\"},\"inLanguage\":\"pt-PT\",\"potentialAction\":[{\"@type\":\"ReadAction\",\"target\":[\"http:\/\/katedor.com\/index.php\/sessoes\/\"]}]},{\"@type\":\"BreadcrumbList\",\"@id\":\"http:\/\/katedor.com\/index.php\/sessoes\/#breadcrumb\",\"itemListElement\":[{\"@type\":\"ListItem\",\"position\":1,\"name\":\"In\u00edcio\",\"item\":\"http:\/\/katedor.com\/\"},{\"@type\":\"ListItem\",\"position\":2,\"name\":\"Sess\u00f5es\"}]},{\"@type\":\"WebSite\",\"@id\":\"http:\/\/katedor.com\/#website\",\"url\":\"http:\/\/katedor.com\/\",\"name\":\"Mistress Katedor\",\"description\":\"Dominadora\",\"publisher\":{\"@id\":\"http:\/\/katedor.com\/#\/schema\/person\/f8bdf2d5aa3f497be1afe588ed9db0d9\"},\"potentialAction\":[{\"@type\":\"SearchAction\",\"target\":{\"@type\":\"EntryPoint\",\"urlTemplate\":\"http:\/\/katedor.com\/?s={search_term_string}\"},\"query-input\":\"required name=search_term_string\"}],\"inLanguage\":\"pt-PT\"},{\"@type\":[\"Person\",\"Organization\"],\"@id\":\"http:\/\/katedor.com\/#\/schema\/person\/f8bdf2d5aa3f497be1afe588ed9db0d9\",\"name\":\"admin\",\"image\":{\"@type\":\"ImageObject\",\"inLanguage\":\"pt-PT\",\"@id\":\"http:\/\/katedor.com\/#\/schema\/person\/image\/\",\"url\":\"http:\/\/2.gravatar.com\/avatar\/be49555bb36c3476319abe6c78ff6171?s=96&d=mm&r=g\",\"contentUrl\":\"http:\/\/2.gravatar.com\/avatar\/be49555bb36c3476319abe6c78ff6171?s=96&d=mm&r=g\",\"caption\":\"admin\"},\"logo\":{\"@id\":\"http:\/\/katedor.com\/#\/schema\/person\/image\/\"}}]}<\/script>\n<!-- \/ Yoast SEO plugin. -->","yoast_head_json":{"title":"Sess\u00f5es - Mistress Katedor","robots":{"index":"index","follow":"follow","max-snippet":"max-snippet:-1","max-image-preview":"max-image-preview:large","max-video-preview":"max-video-preview:-1"},"canonical":"http:\/\/katedor.com\/index.php\/sessoes\/","og_locale":"pt_PT","og_type":"article","og_title":"Sess\u00f5es - Mistress Katedor","og_description":"Entregue-se a mim em uma sess\u00e3o intensa, realizando suas fantasias de maneira segura e discreta. Minha experi\u00eancia torna minhas sess\u00f5es excelentes tanto para iniciantes, que ainda precisam explorar e descobrir seus limites e prefer\u00eancias dentro do BDSM, como para pessoas experientes e com viv\u00eancia de BDSM, que desejam uma sess\u00e3o que os levem ao extremo. &hellip; Continuar a ler Sess\u00f5es &rarr;","og_url":"http:\/\/katedor.com\/index.php\/sessoes\/","og_site_name":"Mistress Katedor","article_modified_time":"2023-10-09T21:09:05+00:00","twitter_card":"summary_large_image","twitter_misc":{"Tempo estimado de leitura":"2 minutos"},"schema":{"@context":"https:\/\/schema.org","@graph":[{"@type":"WebPage","@id":"http:\/\/katedor.com\/index.php\/sessoes\/","url":"http:\/\/katedor.com\/index.php\/sessoes\/","name":"Sess\u00f5es - Mistress Katedor","isPartOf":{"@id":"http:\/\/katedor.com\/#website"},"datePublished":"2015-09-30T00:37:56+00:00","dateModified":"2023-10-09T21:09:05+00:00","breadcrumb":{"@id":"http:\/\/katedor.com\/index.php\/sessoes\/#breadcrumb"},"inLanguage":"pt-PT","potentialAction":[{"@type":"ReadAction","target":["http:\/\/katedor.com\/index.php\/sessoes\/"]}]},{"@type":"BreadcrumbList","@id":"http:\/\/katedor.com\/index.php\/sessoes\/#breadcrumb","itemListElement":[{"@type":"ListItem","position":1,"name":"In\u00edcio","item":"http:\/\/katedor.com\/"},{"@type":"ListItem","position":2,"name":"Sess\u00f5es"}]},{"@type":"WebSite","@id":"http:\/\/katedor.com\/#website","url":"http:\/\/katedor.com\/","name":"Mistress Katedor","description":"Dominadora","publisher":{"@id":"http:\/\/katedor.com\/#\/schema\/person\/f8bdf2d5aa3f497be1afe588ed9db0d9"},"potentialAction":[{"@type":"SearchAction","target":{"@type":"EntryPoint","urlTemplate":"http:\/\/katedor.com\/?s={search_term_string}"},"query-input":"required name=search_term_string"}],"inLanguage":"pt-PT"},{"@type":["Person","Organization"],"@id":"http:\/\/katedor.com\/#\/schema\/person\/f8bdf2d5aa3f497be1afe588ed9db0d9","name":"admin","image":{"@type":"ImageObject","inLanguage":"pt-PT","@id":"http:\/\/katedor.com\/#\/schema\/person\/image\/","url":"http:\/\/2.gravatar.com\/avatar\/be49555bb36c3476319abe6c78ff6171?s=96&d=mm&r=g","contentUrl":"http:\/\/2.gravatar.com\/avatar\/be49555bb36c3476319abe6c78ff6171?s=96&d=mm&r=g","caption":"admin"},"logo":{"@id":"http:\/\/katedor.com\/#\/schema\/person\/image\/"}}]}},"_links":{"self":[{"href":"http:\/\/katedor.com\/index.php\/wp-json\/wp\/v2\/pages\/23"}],"collection":[{"href":"http:\/\/katedor.com\/index.php\/wp-json\/wp\/v2\/pages"}],"about":[{"href":"http:\/\/katedor.com\/index.php\/wp-json\/wp\/v2\/types\/page"}],"author":[{"embeddable":true,"href":"http:\/\/katedor.com\/index.php\/wp-json\/wp\/v2\/users\/1"}],"replies":[{"embeddable":true,"href":"http:\/\/katedor.com\/index.php\/wp-json\/wp\/v2\/comments?post=23"}],"version-history":[{"count":20,"href":"http:\/\/katedor.com\/index.php\/wp-json\/wp\/v2\/pages\/23\/revisions"}],"predecessor-version":[{"id":129,"href":"http:\/\/katedor.com\/index.php\/wp-json\/wp\/v2\/pages\/23\/revisions\/129"}],"wp:attachment":[{"href":"http:\/\/katedor.com\/index.php\/wp-json\/wp\/v2\/media?parent=23"}],"curies":[{"name":"wp","href":"https:\/\/api.w.org\/{rel}","templated":true}]}}