{"id":11,"date":"2015-09-29T18:28:59","date_gmt":"2015-09-29T18:28:59","guid":{"rendered":"http:\/\/katedor.com\/?page_id=11"},"modified":"2020-11-20T01:08:34","modified_gmt":"2020-11-20T01:08:34","slug":"home","status":"publish","type":"page","link":"http:\/\/katedor.com\/","title":{"rendered":"Quem Sou"},"content":{"rendered":"<p><span style=\"color: #4e4e4e;\"><span style=\"font-family: Myriad Pro,Trebuchet MS,Helvetica,Arial,sans-serif;\"><span style=\"font-size: medium;\"><a href=\"http:\/\/katedor.com\/wp-content\/uploads\/2015\/09\/images-2.jpg\"><img loading=\"lazy\" decoding=\"async\" class=\"alignnone size-full wp-image-10\" src=\"http:\/\/katedor.com\/wp-content\/uploads\/2015\/09\/images-2.jpg\" alt=\"images (2)\" width=\"275\" height=\"183\"><\/a><\/span><\/span><\/span><\/p>\n<p>Em primeiro lugar, para deixar as coisas BEM CLARAS, voc\u00ea esta na p\u00e1gina de uma DOMME e N\u00c3O de uma menina de conv\u00edvio, caso n\u00e3o saiba e\/ou n\u00e3o respeite todas as diferen\u00e7as, n\u00e3o me fa\u00e7a perder meu tempo com seu contacto.<\/p>\n<p>Sou uma Dominadora experiente j\u00e1 casa dos 50, gosto de me imaginar como uma terapeuta de sexo alternativo pois existem formas de prazer sexual que voc\u00ea nem imagina, aqueles que tem curiosidade em experimentar este mundo do BDSM como submissos que procurem sess\u00f5es casuais, resolvi ceder meu tempo em troca do tributo apropriado, podem ver em <a href=\"file:\/\/\/home\/joao\/Transfer%C3%AAncias\/Katedor.com\/www\/pt\/services.htm\">Sess\u00f5es<\/a> as fantasias que realizo.<\/p>\n<p>Por fim, se o que voc\u00ea procura n\u00e3o estiver listado no site, voc\u00ea pode&nbsp;<a href=\"http:\/\/katedor.com\/index.php\/contactos\/\">entrar em contactos <\/a>comigo e me contar sobre seus fetiches, para ent\u00e3o eu poder analisar se aceito ou n\u00e3o realiz\u00e1-los.<\/p>\n\n\n<p><\/p>\n","protected":false},"excerpt":{"rendered":"<p>Em primeiro lugar, para deixar as coisas BEM CLARAS, voc\u00ea esta na p\u00e1gina de uma DOMME e N\u00c3O de uma menina de conv\u00edvio, caso n\u00e3o saiba e\/ou n\u00e3o respeite todas as diferen\u00e7as, n\u00e3o me fa\u00e7a perder meu tempo com seu contacto. Sou uma Dominadora experiente j\u00e1 casa dos 50, gosto de me imaginar como uma &hellip; <a href=\"http:\/\/katedor.com\/\" class=\"more-link\">Continuar a ler <span class=\"screen-reader-text\">Quem Sou<\/span> <span class=\"meta-nav\">&rarr;<\/span><\/a><\/p>\n","protected":false},"author":1,"featured_media":0,"parent":0,"menu_order":0,"comment_status":"closed","ping_status":"closed","template":"","meta":{"footnotes":""},"yoast_head":"<!-- This site is optimized with the Yoast SEO plugin v21.3 - https:\/\/yoast.com\/wordpress\/plugins\/seo\/ -->\n<title>Quem Sou - Mistress Katedor<\/title>\n<meta name=\"robots\" content=\"index, follow, max-snippet:-1, max-image-preview:large, max-video-preview:-1\" \/>\n<link rel=\"canonical\" href=\"http:\/\/katedor.com\/\" \/>\n<meta property=\"og:locale\" content=\"pt_PT\" \/>\n<meta property=\"og:type\" content=\"article\" \/>\n<meta property=\"og:title\" content=\"Quem Sou - Mistress Katedor\" \/>\n<meta property=\"og:description\" content=\"Em primeiro lugar, para deixar as coisas BEM CLARAS, voc\u00ea esta na p\u00e1gina de uma DOMME e N\u00c3O de uma menina de conv\u00edvio, caso n\u00e3o saiba e\/ou n\u00e3o respeite todas as diferen\u00e7as, n\u00e3o me fa\u00e7a perder meu tempo com seu contacto. Sou uma Dominadora experiente j\u00e1 casa dos 50, gosto de me imaginar como uma &hellip; Continuar a ler Quem Sou &rarr;\" \/>\n<meta property=\"og:url\" content=\"http:\/\/katedor.com\/\" \/>\n<meta property=\"og:site_name\" content=\"Mistress Katedor\" \/>\n<meta property=\"article:modified_time\" content=\"2020-11-20T01:08:34+00:00\" \/>\n<meta property=\"og:image\" content=\"http:\/\/katedor.com\/wp-content\/uploads\/2015\/09\/images-2.jpg\" \/>\n<meta name=\"twitter:card\" content=\"summary_large_image\" \/>\n<meta name=\"twitter:label1\" content=\"Tempo estimado de leitura\" \/>\n\t<meta name=\"twitter:data1\" content=\"1 minuto\" \/>\n<script type=\"application\/ld+json\" class=\"yoast-schema-graph\">{\"@context\":\"https:\/\/schema.org\",\"@graph\":[{\"@type\":\"WebPage\",\"@id\":\"http:\/\/katedor.com\/\",\"url\":\"http:\/\/katedor.com\/\",\"name\":\"Quem Sou - Mistress Katedor\",\"isPartOf\":{\"@id\":\"http:\/\/katedor.com\/#website\"},\"datePublished\":\"2015-09-29T18:28:59+00:00\",\"dateModified\":\"2020-11-20T01:08:34+00:00\",\"breadcrumb\":{\"@id\":\"http:\/\/katedor.com\/#breadcrumb\"},\"inLanguage\":\"pt-PT\",\"potentialAction\":[{\"@type\":\"ReadAction\",\"target\":[\"http:\/\/katedor.com\/\"]}]},{\"@type\":\"BreadcrumbList\",\"@id\":\"http:\/\/katedor.com\/#breadcrumb\",\"itemListElement\":[{\"@type\":\"ListItem\",\"position\":1,\"name\":\"In\u00edcio\",\"item\":\"http:\/\/katedor.com\/\"},{\"@type\":\"ListItem\",\"position\":2,\"name\":\"Quem Sou\"}]},{\"@type\":\"WebSite\",\"@id\":\"http:\/\/katedor.com\/#website\",\"url\":\"http:\/\/katedor.com\/\",\"name\":\"Mistress Katedor\",\"description\":\"Dominadora\",\"publisher\":{\"@id\":\"http:\/\/katedor.com\/#\/schema\/person\/f8bdf2d5aa3f497be1afe588ed9db0d9\"},\"potentialAction\":[{\"@type\":\"SearchAction\",\"target\":{\"@type\":\"EntryPoint\",\"urlTemplate\":\"http:\/\/katedor.com\/?s={search_term_string}\"},\"query-input\":\"required name=search_term_string\"}],\"inLanguage\":\"pt-PT\"},{\"@type\":[\"Person\",\"Organization\"],\"@id\":\"http:\/\/katedor.com\/#\/schema\/person\/f8bdf2d5aa3f497be1afe588ed9db0d9\",\"name\":\"admin\",\"image\":{\"@type\":\"ImageObject\",\"inLanguage\":\"pt-PT\",\"@id\":\"http:\/\/katedor.com\/#\/schema\/person\/image\/\",\"url\":\"http:\/\/2.gravatar.com\/avatar\/be49555bb36c3476319abe6c78ff6171?s=96&d=mm&r=g\",\"contentUrl\":\"http:\/\/2.gravatar.com\/avatar\/be49555bb36c3476319abe6c78ff6171?s=96&d=mm&r=g\",\"caption\":\"admin\"},\"logo\":{\"@id\":\"http:\/\/katedor.com\/#\/schema\/person\/image\/\"}}]}<\/script>\n<!-- \/ Yoast SEO plugin. -->","yoast_head_json":{"title":"Quem Sou - Mistress Katedor","robots":{"index":"index","follow":"follow","max-snippet":"max-snippet:-1","max-image-preview":"max-image-preview:large","max-video-preview":"max-video-preview:-1"},"canonical":"http:\/\/katedor.com\/","og_locale":"pt_PT","og_type":"article","og_title":"Quem Sou - Mistress Katedor","og_description":"Em primeiro lugar, para deixar as coisas BEM CLARAS, voc\u00ea esta na p\u00e1gina de uma DOMME e N\u00c3O de uma menina de conv\u00edvio, caso n\u00e3o saiba e\/ou n\u00e3o respeite todas as diferen\u00e7as, n\u00e3o me fa\u00e7a perder meu tempo com seu contacto. Sou uma Dominadora experiente j\u00e1 casa dos 50, gosto de me imaginar como uma &hellip; Continuar a ler Quem Sou &rarr;","og_url":"http:\/\/katedor.com\/","og_site_name":"Mistress Katedor","article_modified_time":"2020-11-20T01:08:34+00:00","og_image":[{"url":"http:\/\/katedor.com\/wp-content\/uploads\/2015\/09\/images-2.jpg"}],"twitter_card":"summary_large_image","twitter_misc":{"Tempo estimado de leitura":"1 minuto"},"schema":{"@context":"https:\/\/schema.org","@graph":[{"@type":"WebPage","@id":"http:\/\/katedor.com\/","url":"http:\/\/katedor.com\/","name":"Quem Sou - Mistress Katedor","isPartOf":{"@id":"http:\/\/katedor.com\/#website"},"datePublished":"2015-09-29T18:28:59+00:00","dateModified":"2020-11-20T01:08:34+00:00","breadcrumb":{"@id":"http:\/\/katedor.com\/#breadcrumb"},"inLanguage":"pt-PT","potentialAction":[{"@type":"ReadAction","target":["http:\/\/katedor.com\/"]}]},{"@type":"BreadcrumbList","@id":"http:\/\/katedor.com\/#breadcrumb","itemListElement":[{"@type":"ListItem","position":1,"name":"In\u00edcio","item":"http:\/\/katedor.com\/"},{"@type":"ListItem","position":2,"name":"Quem Sou"}]},{"@type":"WebSite","@id":"http:\/\/katedor.com\/#website","url":"http:\/\/katedor.com\/","name":"Mistress Katedor","description":"Dominadora","publisher":{"@id":"http:\/\/katedor.com\/#\/schema\/person\/f8bdf2d5aa3f497be1afe588ed9db0d9"},"potentialAction":[{"@type":"SearchAction","target":{"@type":"EntryPoint","urlTemplate":"http:\/\/katedor.com\/?s={search_term_string}"},"query-input":"required name=search_term_string"}],"inLanguage":"pt-PT"},{"@type":["Person","Organization"],"@id":"http:\/\/katedor.com\/#\/schema\/person\/f8bdf2d5aa3f497be1afe588ed9db0d9","name":"admin","image":{"@type":"ImageObject","inLanguage":"pt-PT","@id":"http:\/\/katedor.com\/#\/schema\/person\/image\/","url":"http:\/\/2.gravatar.com\/avatar\/be49555bb36c3476319abe6c78ff6171?s=96&d=mm&r=g","contentUrl":"http:\/\/2.gravatar.com\/avatar\/be49555bb36c3476319abe6c78ff6171?s=96&d=mm&r=g","caption":"admin"},"logo":{"@id":"http:\/\/katedor.com\/#\/schema\/person\/image\/"}}]}},"_links":{"self":[{"href":"http:\/\/katedor.com\/index.php\/wp-json\/wp\/v2\/pages\/11"}],"collection":[{"href":"http:\/\/katedor.com\/index.php\/wp-json\/wp\/v2\/pages"}],"about":[{"href":"http:\/\/katedor.com\/index.php\/wp-json\/wp\/v2\/types\/page"}],"author":[{"embeddable":true,"href":"http:\/\/katedor.com\/index.php\/wp-json\/wp\/v2\/users\/1"}],"replies":[{"embeddable":true,"href":"http:\/\/katedor.com\/index.php\/wp-json\/wp\/v2\/comments?post=11"}],"version-history":[{"count":14,"href":"http:\/\/katedor.com\/index.php\/wp-json\/wp\/v2\/pages\/11\/revisions"}],"predecessor-version":[{"id":118,"href":"http:\/\/katedor.com\/index.php\/wp-json\/wp\/v2\/pages\/11\/revisions\/118"}],"wp:attachment":[{"href":"http:\/\/katedor.com\/index.php\/wp-json\/wp\/v2\/media?parent=11"}],"curies":[{"name":"wp","href":"https:\/\/api.w.org\/{rel}","templated":true}]}}